{"id":46,"date":"2013-12-07T21:48:01","date_gmt":"2013-12-07T19:48:01","guid":{"rendered":"http:\/\/juwelier-dunky.at\/wp\/?page_id=46"},"modified":"2018-02-14T17:19:28","modified_gmt":"2018-02-14T16:19:28","slug":"service","status":"publish","type":"page","link":"https:\/\/juwelier-dunky.at\/wp\/service\/","title":{"rendered":"Service"},"content":{"rendered":"<div class=\"fusion-fullwidth fullwidth-box fusion-builder-row-1 nonhundred-percent-fullwidth non-hundred-percent-height-scrolling\" style=\"--awb-border-radius-top-left:0px;--awb-border-radius-top-right:0px;--awb-border-radius-bottom-right:0px;--awb-border-radius-bottom-left:0px;--awb-flex-wrap:wrap;\" ><div class=\"fusion-builder-row fusion-row\"><div class=\"fusion-layout-column fusion_builder_column fusion-builder-column-0 fusion_builder_column_1_1 1_1 fusion-one-full fusion-column-first fusion-column-last\" style=\"--awb-bg-size:cover;\"><div class=\"fusion-column-wrapper fusion-flex-column-wrapper-legacy\"><div class=\"fusion-title title fusion-title-1 fusion-title-center fusion-title-text fusion-title-size-one\" style=\"--awb-margin-top-small:0px;--awb-margin-right-small:0px;--awb-margin-bottom-small:20px;--awb-margin-left-small:0px;\"><div class=\"title-sep-container title-sep-container-left\"><div class=\"title-sep sep-double sep-solid\" style=\"border-color:#333333;\"><\/div><\/div><span class=\"awb-title-spacer\"><\/span><h1 class=\"fusion-title-heading title-heading-center fusion-responsive-typography-calculated\" style=\"margin:0;--fontSize:40;line-height:1.4;\">SERVICE<\/h1><span class=\"awb-title-spacer\"><\/span><div class=\"title-sep-container title-sep-container-right\"><div class=\"title-sep sep-double sep-solid\" style=\"border-color:#333333;\"><\/div><\/div><\/div><div class=\"fusion-clearfix\"><\/div><\/div><\/div><div class=\"fusion-layout-column fusion_builder_column fusion-builder-column-1 fusion_builder_column_1_1 1_1 fusion-one-full fusion-column-first fusion-column-last\" style=\"--awb-bg-size:cover;--awb-margin-bottom:0px;\"><div class=\"fusion-column-wrapper fusion-flex-column-wrapper-legacy\"><div class=\"fusion-text fusion-text-1\"><h3>Schmuckreparaturen<\/h3>\n<p>Ihre Schmuckst\u00fccke wissen Sie bei uns in vertrauensw\u00fcrdigen H\u00e4nden. Unser Repertoire reicht von Schmuckreparaturen wie Perlenketten kn\u00fcpfen, Ringweiten \u00e4ndern, L\u00f6ten, bis hin zu aufwendigeren Goldschmiedearbeiten.<\/p>\n<h3>Uhrenreparaturen<\/h3>\n<p>Neben Kleinreparaturen wie Batteriewechsel, Bandk\u00fcrzen oder Reinigungen f\u00fchrt unser hauseigener Uhrmachermeister auch gerne zeitintensive Revisionsarbeiten durch. Jahrelange Erfahrung, fortlaufende Weiterbildung und Verantwortungsbewusstsein garantieren sowohl professionelles als auch zufriedenstellendes Service.<\/p>\n<h3>Gravuren<\/h3>\n<p>Gerne versehen wir Ihre liebsten Schmuckst\u00fccke, Uhren sowie Pokale mit individuellen Gravuren.<\/p>\n<\/div><div class=\"fusion-clearfix\"><\/div><\/div><\/div><\/div><\/div>\n","protected":false},"excerpt":{"rendered":"","protected":false},"author":1,"featured_media":0,"parent":0,"menu_order":0,"comment_status":"closed","ping_status":"closed","template":"","meta":{"footnotes":""},"class_list":["post-46","page","type-page","status-publish","hentry"],"_links":{"self":[{"href":"https:\/\/juwelier-dunky.at\/wp\/wp-json\/wp\/v2\/pages\/46","targetHints":{"allow":["GET"]}}],"collection":[{"href":"https:\/\/juwelier-dunky.at\/wp\/wp-json\/wp\/v2\/pages"}],"about":[{"href":"https:\/\/juwelier-dunky.at\/wp\/wp-json\/wp\/v2\/types\/page"}],"author":[{"embeddable":true,"href":"https:\/\/juwelier-dunky.at\/wp\/wp-json\/wp\/v2\/users\/1"}],"replies":[{"embeddable":true,"href":"https:\/\/juwelier-dunky.at\/wp\/wp-json\/wp\/v2\/comments?post=46"}],"version-history":[{"count":9,"href":"https:\/\/juwelier-dunky.at\/wp\/wp-json\/wp\/v2\/pages\/46\/revisions"}],"predecessor-version":[{"id":1847,"href":"https:\/\/juwelier-dunky.at\/wp\/wp-json\/wp\/v2\/pages\/46\/revisions\/1847"}],"wp:attachment":[{"href":"https:\/\/juwelier-dunky.at\/wp\/wp-json\/wp\/v2\/media?parent=46"}],"curies":[{"name":"wp","href":"https:\/\/api.w.org\/{rel}","templated":true}]}}