{"id":30,"date":"2013-12-07T21:41:39","date_gmt":"2013-12-07T19:41:39","guid":{"rendered":"http:\/\/juwelier-dunky.at\/wp\/?page_id=30"},"modified":"2025-09-29T19:25:16","modified_gmt":"2025-09-29T17:25:16","slug":"home","status":"publish","type":"page","link":"https:\/\/juwelier-dunky.at\/wp\/","title":{"rendered":"Home"},"content":{"rendered":"<div class=\"fusion-fullwidth fullwidth-box fusion-builder-row-1 nonhundred-percent-fullwidth non-hundred-percent-height-scrolling\" style=\"--awb-border-radius-top-left:0px;--awb-border-radius-top-right:0px;--awb-border-radius-bottom-right:0px;--awb-border-radius-bottom-left:0px;--awb-flex-wrap:wrap;\" ><div class=\"fusion-builder-row fusion-row\"><div class=\"fusion-layout-column fusion_builder_column fusion-builder-column-0 fusion_builder_column_1_1 1_1 fusion-one-full fusion-column-first fusion-column-last\" style=\"--awb-bg-size:cover;\"><div class=\"fusion-column-wrapper fusion-flex-column-wrapper-legacy\"><div class=\"fusion-title title fusion-title-1 fusion-title-center fusion-title-text fusion-title-size-one\" style=\"--awb-margin-top-small:0px;--awb-margin-right-small:0px;--awb-margin-bottom-small:20px;--awb-margin-left-small:0px;\"><div class=\"title-sep-container title-sep-container-left\"><div class=\"title-sep sep-double sep-solid\" style=\"border-color:#333333;\"><\/div><\/div><span class=\"awb-title-spacer\"><\/span><h1 class=\"fusion-title-heading title-heading-center fusion-responsive-typography-calculated\" style=\"margin:0;--fontSize:40;line-height:1.4;\">UNSERE NEWS<\/h1><span class=\"awb-title-spacer\"><\/span><div class=\"title-sep-container title-sep-container-right\"><div class=\"title-sep sep-double sep-solid\" style=\"border-color:#333333;\"><\/div><\/div><\/div><div class=\"fusion-recent-posts fusion-recent-posts-1 avada-container layout-default layout-columns-3\"><section class=\"fusion-columns columns fusion-columns-3 columns-3\"><article class=\"post fusion-column column col col-lg-4 col-md-4 col-sm-4\"><div class=\"fusion-flexslider fusion-flexslider-loading flexslider flexslider-hover-type-none\"><ul class=\"slides\"><li><a href=\"https:\/\/juwelier-dunky.at\/wp\/rado-centrix-open-heart-jubile\/\" aria-label=\"RADO &#8211; Centrix Open Heart Jubil\u00e9\" class=\"hover-type-none\"><img decoding=\"async\" width=\"700\" height=\"441\" src=\"https:\/\/juwelier-dunky.at\/wp\/wp-content\/uploads\/2024\/05\/centrix-open-heart-0524-700x441.jpg\" class=\"attachment-recent-posts size-recent-posts\" alt=\"\" srcset=\"https:\/\/juwelier-dunky.at\/wp\/wp-content\/uploads\/2024\/05\/centrix-open-heart-0524-320x202.jpg 320w, https:\/\/juwelier-dunky.at\/wp\/wp-content\/uploads\/2024\/05\/centrix-open-heart-0524-700x441.jpg 700w\" sizes=\"(max-width: 700px) 100vw, 700px\" \/><\/a><\/li><\/ul><\/div><div class=\"recent-posts-content\"><span class=\"vcard\" style=\"display: none;\"><span class=\"fn\"><a href=\"https:\/\/juwelier-dunky.at\/wp\/author\/admin\/\" title=\"Beitr\u00e4ge von admin\" rel=\"author\">admin<\/a><\/span><\/span><span class=\"updated\" style=\"display:none;\">2024-05-13T14:17:11+02:00<\/span><h4 class=\"entry-title\"><a href=\"https:\/\/juwelier-dunky.at\/wp\/rado-centrix-open-heart-jubile\/\">RADO &#8211; Centrix Open Heart Jubil\u00e9<\/a><\/h4><p> Vom Funken wahrer Liebe und einer Br\u00fccke zur Ewigkeit Wer genau hinsieht, erkennt, dass<a href=\"https:\/\/juwelier-dunky.at\/wp\/rado-centrix-open-heart-jubile\/\"> [...]<\/a><\/p><\/div><\/article><article class=\"post fusion-column column col col-lg-4 col-md-4 col-sm-4\"><div class=\"fusion-flexslider fusion-flexslider-loading flexslider flexslider-hover-type-none\"><ul class=\"slides\"><li><a href=\"https:\/\/juwelier-dunky.at\/wp\/rado-true-square-thinline-les-couleurs-le-corbusier\/\" aria-label=\"RADO &#8211; True Square Thinline Les Couleurs&#x2122; Le Corbusier\" class=\"hover-type-none\"><img decoding=\"async\" width=\"700\" height=\"441\" src=\"https:\/\/juwelier-dunky.at\/wp\/wp-content\/uploads\/2023\/08\/rado0-700x441.jpg\" class=\"attachment-recent-posts size-recent-posts\" alt=\"\" srcset=\"https:\/\/juwelier-dunky.at\/wp\/wp-content\/uploads\/2023\/08\/rado0-320x202.jpg 320w, https:\/\/juwelier-dunky.at\/wp\/wp-content\/uploads\/2023\/08\/rado0-700x441.jpg 700w\" sizes=\"(max-width: 700px) 100vw, 700px\" \/><\/a><\/li><\/ul><\/div><div class=\"recent-posts-content\"><span class=\"vcard\" style=\"display: none;\"><span class=\"fn\"><a href=\"https:\/\/juwelier-dunky.at\/wp\/author\/admin\/\" title=\"Beitr\u00e4ge von admin\" rel=\"author\">admin<\/a><\/span><\/span><span class=\"updated\" style=\"display:none;\">2023-08-25T14:39:54+02:00<\/span><h4 class=\"entry-title\"><a href=\"https:\/\/juwelier-dunky.at\/wp\/rado-true-square-thinline-les-couleurs-le-corbusier\/\">RADO &#8211; True Square Thinline Les Couleurs&#x2122; Le Corbusier<\/a><\/h4><p> Ein Fest zeitloser Farben, au\u00dfergew\u00f6hnlichen Designs und bemerkenswerter Materialien \u2013 mit den drei neuen<a href=\"https:\/\/juwelier-dunky.at\/wp\/rado-true-square-thinline-les-couleurs-le-corbusier\/\"> [...]<\/a><\/p><\/div><\/article><article class=\"post fusion-column column col col-lg-4 col-md-4 col-sm-4\"><div class=\"fusion-flexslider fusion-flexslider-loading flexslider flexslider-hover-type-none\"><ul class=\"slides\"><li><a href=\"https:\/\/juwelier-dunky.at\/wp\/longines-moods-fuer-herbst-und-winter\/\" aria-label=\"LONGINES &#8211; Moods f\u00fcr Herbst und Winter\" class=\"hover-type-none\"><img decoding=\"async\" width=\"700\" height=\"441\" src=\"https:\/\/juwelier-dunky.at\/wp\/wp-content\/uploads\/2022\/09\/Longines_0922_003-700x441.png\" class=\"attachment-recent-posts size-recent-posts\" alt=\"\" srcset=\"https:\/\/juwelier-dunky.at\/wp\/wp-content\/uploads\/2022\/09\/Longines_0922_003-320x202.png 320w, https:\/\/juwelier-dunky.at\/wp\/wp-content\/uploads\/2022\/09\/Longines_0922_003-700x441.png 700w\" sizes=\"(max-width: 700px) 100vw, 700px\" \/><\/a><\/li><li><a href=\"https:\/\/juwelier-dunky.at\/wp\/longines-moods-fuer-herbst-und-winter\/\" aria-label=\"LONGINES &#8211; Moods f\u00fcr Herbst und Winter\" class=\"hover-type-none\"><img decoding=\"async\" width=\"700\" height=\"441\" src=\"https:\/\/juwelier-dunky.at\/wp\/wp-content\/uploads\/2022\/09\/Longines_0922_001-700x441.png\" class=\"attachment-recent-posts size-recent-posts\" alt=\"\" srcset=\"https:\/\/juwelier-dunky.at\/wp\/wp-content\/uploads\/2022\/09\/Longines_0922_001-320x202.png 320w, https:\/\/juwelier-dunky.at\/wp\/wp-content\/uploads\/2022\/09\/Longines_0922_001-700x441.png 700w\" sizes=\"(max-width: 700px) 100vw, 700px\" \/><\/a><\/li><li><a href=\"https:\/\/juwelier-dunky.at\/wp\/longines-moods-fuer-herbst-und-winter\/\" aria-label=\"LONGINES &#8211; Moods f\u00fcr Herbst und Winter\" class=\"hover-type-none\"><img decoding=\"async\" width=\"700\" height=\"441\" src=\"https:\/\/juwelier-dunky.at\/wp\/wp-content\/uploads\/2022\/09\/Longines_0922_002-700x441.png\" class=\"attachment-recent-posts size-recent-posts\" alt=\"\" srcset=\"https:\/\/juwelier-dunky.at\/wp\/wp-content\/uploads\/2022\/09\/Longines_0922_002-320x202.png 320w, https:\/\/juwelier-dunky.at\/wp\/wp-content\/uploads\/2022\/09\/Longines_0922_002-700x441.png 700w\" sizes=\"(max-width: 700px) 100vw, 700px\" \/><\/a><\/li><\/ul><\/div><div class=\"recent-posts-content\"><span class=\"vcard\" style=\"display: none;\"><span class=\"fn\"><a href=\"https:\/\/juwelier-dunky.at\/wp\/author\/admin\/\" title=\"Beitr\u00e4ge von admin\" rel=\"author\">admin<\/a><\/span><\/span><span class=\"updated\" style=\"display:none;\">2022-09-08T13:33:52+02:00<\/span><h4 class=\"entry-title\"><a href=\"https:\/\/juwelier-dunky.at\/wp\/longines-moods-fuer-herbst-und-winter\/\">LONGINES &#8211; Moods f\u00fcr Herbst und Winter<\/a><\/h4><p>Herbststimmung am Handgelenk Wenn die Tage k\u00fcrzer und die N\u00e4chte k\u00fchler werden, beginnt die Saison<a href=\"https:\/\/juwelier-dunky.at\/wp\/longines-moods-fuer-herbst-und-winter\/\"> [...]<\/a><\/p><\/div><\/article><\/section><\/div><div class=\"fusion-title title fusion-title-2 fusion-title-center fusion-title-text fusion-title-size-one\" style=\"--awb-margin-top-small:0px;--awb-margin-right-small:0px;--awb-margin-bottom-small:20px;--awb-margin-left-small:0px;\"><div class=\"title-sep-container title-sep-container-left\"><div class=\"title-sep sep-double sep-solid\" style=\"border-color:#333333;\"><\/div><\/div><span class=\"awb-title-spacer\"><\/span><h1 class=\"fusion-title-heading title-heading-center fusion-responsive-typography-calculated\" style=\"margin:0;--fontSize:40;line-height:1.4;\">UNSERE MARKEN<\/h1><span class=\"awb-title-spacer\"><\/span><div class=\"title-sep-container title-sep-container-right\"><div class=\"title-sep sep-double sep-solid\" style=\"border-color:#333333;\"><\/div><\/div><\/div><div class=\"fusion-image-carousel fusion-image-carousel-fixed fusion-image-carousel-1\"><div class=\"awb-carousel awb-swiper awb-swiper-carousel awb-carousel--carousel awb-swiper-dots-position-bottom\" data-layout=\"carousel\" data-autoplay=\"yes\" data-autoplayspeed=\"2500\" data-autoplaypause=\"no\" data-loop=\"yes\" data-columns=\"5\" data-columnsmedium=\"1\" data-columnssmall=\"1\" data-itemmargin=\"13\" data-itemwidth=\"180\" data-touchscroll=\"no\" data-freemode=\"no\" data-imagesize=\"fixed\" data-scrollitems=\"2\" data-centeredslides=\"no\" data-rotationangle=\"50\" data-depth=\"100\" data-speed=\"500\" data-shadow=\"no\" data-pagination=\"bullets\" style=\"--awb-dots-align:center;\"><div class=\"swiper-wrapper awb-image-carousel-wrapper fusion-flex-align-items-center\"><div class=\"swiper-slide\"><div class=\"fusion-carousel-item-wrapper\"><div class=\"fusion-image-wrapper hover-type-none\"><img decoding=\"async\" width=\"150\" height=\"50\" src=\"https:\/\/juwelier-dunky.at\/wp\/wp-content\/uploads\/2022\/03\/dunky_logo-pesavento.jpg\" class=\"attachment-blog-medium size-blog-medium\" alt=\"\" \/><\/div><\/div><\/div><div class=\"swiper-slide\"><div class=\"fusion-carousel-item-wrapper\"><div class=\"fusion-image-wrapper hover-type-none\"><img decoding=\"async\" width=\"150\" height=\"50\" src=\"https:\/\/juwelier-dunky.at\/wp\/wp-content\/uploads\/2022\/03\/dunky_logo-palido.jpg\" class=\"attachment-blog-medium size-blog-medium\" alt=\"\" \/><\/div><\/div><\/div><div class=\"swiper-slide\"><div class=\"fusion-carousel-item-wrapper\"><div class=\"fusion-image-wrapper hover-type-none\"><img decoding=\"async\" width=\"150\" height=\"50\" src=\"https:\/\/juwelier-dunky.at\/wp\/wp-content\/uploads\/2022\/03\/dunky_logo-auranto.jpg\" class=\"attachment-blog-medium size-blog-medium\" alt=\"\" \/><\/div><\/div><\/div><div class=\"swiper-slide\"><div class=\"fusion-carousel-item-wrapper\"><div class=\"fusion-image-wrapper hover-type-none\"><img decoding=\"async\" width=\"150\" height=\"50\" src=\"https:\/\/juwelier-dunky.at\/wp\/wp-content\/uploads\/2025\/09\/Dunky_Tauerngold-150-05.jpg\" class=\"attachment-blog-medium size-blog-medium\" alt=\"\" \/><\/div><\/div><\/div><div class=\"swiper-slide\"><div class=\"fusion-carousel-item-wrapper\"><div class=\"fusion-image-wrapper hover-type-none\"><img decoding=\"async\" width=\"150\" height=\"50\" src=\"https:\/\/juwelier-dunky.at\/wp\/wp-content\/uploads\/2022\/03\/dunky_logo_wm.jpg\" class=\"attachment-blog-medium size-blog-medium\" alt=\"\" \/><\/div><\/div><\/div><div class=\"swiper-slide\"><div class=\"fusion-carousel-item-wrapper\"><div class=\"fusion-image-wrapper hover-type-none\"><img decoding=\"async\" width=\"150\" height=\"50\" src=\"https:\/\/juwelier-dunky.at\/wp\/wp-content\/uploads\/2022\/03\/dunky_blush.jpg\" class=\"attachment-blog-medium size-blog-medium\" alt=\"\" \/><\/div><\/div><\/div><div class=\"swiper-slide\"><div class=\"fusion-carousel-item-wrapper\"><div class=\"fusion-image-wrapper hover-type-none\"><img decoding=\"async\" width=\"150\" height=\"50\" src=\"https:\/\/juwelier-dunky.at\/wp\/wp-content\/uploads\/2022\/03\/dunky_marco.jpg\" class=\"attachment-blog-medium size-blog-medium\" alt=\"\" \/><\/div><\/div><\/div><div class=\"swiper-slide\"><div class=\"fusion-carousel-item-wrapper\"><div class=\"fusion-image-wrapper hover-type-none\"><img decoding=\"async\" width=\"150\" height=\"50\" src=\"https:\/\/juwelier-dunky.at\/wp\/wp-content\/uploads\/2020\/04\/Logo_Longines.jpg\" class=\"attachment-blog-medium size-blog-medium\" alt=\"\" \/><\/div><\/div><\/div><div class=\"swiper-slide\"><div class=\"fusion-carousel-item-wrapper\"><div class=\"fusion-image-wrapper hover-type-none\"><a href=\"https:\/\/www.rado.com\" target=\"_blank\" rel=\"noopener noreferrer\"><img decoding=\"async\" width=\"150\" height=\"50\" src=\"https:\/\/juwelier-dunky.at\/wp\/wp-content\/uploads\/2020\/02\/rado-logo-0220.jpg\" class=\"attachment-blog-medium size-blog-medium\" alt=\"\" \/><\/a><\/div><\/div><\/div><div class=\"swiper-slide\"><div class=\"fusion-carousel-item-wrapper\"><div class=\"fusion-image-wrapper hover-type-none\"><img decoding=\"async\" width=\"150\" height=\"50\" src=\"https:\/\/juwelier-dunky.at\/wp\/wp-content\/uploads\/2025\/02\/logo-seiko.jpg\" class=\"attachment-blog-medium size-blog-medium\" alt=\"\" \/><\/div><\/div><\/div><div class=\"swiper-slide\"><div class=\"fusion-carousel-item-wrapper\"><div class=\"fusion-image-wrapper hover-type-none\"><img decoding=\"async\" width=\"150\" height=\"50\" src=\"https:\/\/juwelier-dunky.at\/wp\/wp-content\/uploads\/2015\/09\/junghans.jpg\" class=\"attachment-blog-medium size-blog-medium\" alt=\"\" \/><\/div><\/div><\/div><div class=\"swiper-slide\"><div class=\"fusion-carousel-item-wrapper\"><div class=\"fusion-image-wrapper hover-type-none\"><img decoding=\"async\" width=\"150\" height=\"50\" src=\"https:\/\/juwelier-dunky.at\/wp\/wp-content\/uploads\/2019\/04\/Coeur-de-Lion-Logo-150x50.jpg\" class=\"attachment-blog-medium size-blog-medium\" alt=\"\" \/><\/div><\/div><\/div><div class=\"swiper-slide\"><div class=\"fusion-carousel-item-wrapper\"><div class=\"fusion-image-wrapper hover-type-none\"><img decoding=\"async\" width=\"151\" height=\"51\" src=\"https:\/\/juwelier-dunky.at\/wp\/wp-content\/uploads\/2013\/12\/tissot.png\" class=\"attachment-blog-medium size-blog-medium\" alt=\"\" \/><\/div><\/div><\/div><div class=\"swiper-slide\"><div class=\"fusion-carousel-item-wrapper\"><div class=\"fusion-image-wrapper hover-type-none\"><img decoding=\"async\" width=\"151\" height=\"51\" src=\"https:\/\/juwelier-dunky.at\/wp\/wp-content\/uploads\/2013\/12\/haberlilg.png\" class=\"attachment-blog-medium size-blog-medium\" alt=\"\" \/><\/div><\/div><\/div><div class=\"swiper-slide\"><div class=\"fusion-carousel-item-wrapper\"><div class=\"fusion-image-wrapper hover-type-none\"><img decoding=\"async\" width=\"151\" height=\"51\" src=\"https:\/\/juwelier-dunky.at\/wp\/wp-content\/uploads\/2013\/12\/antjeliebscher.png\" class=\"attachment-blog-medium size-blog-medium\" alt=\"\" \/><\/div><\/div><\/div><div class=\"swiper-slide\"><div class=\"fusion-carousel-item-wrapper\"><div class=\"fusion-image-wrapper hover-type-none\"><img decoding=\"async\" width=\"151\" height=\"51\" src=\"https:\/\/juwelier-dunky.at\/wp\/wp-content\/uploads\/2013\/12\/armani.png\" class=\"attachment-blog-medium size-blog-medium\" alt=\"\" \/><\/div><\/div><\/div><div class=\"swiper-slide\"><div class=\"fusion-carousel-item-wrapper\"><div class=\"fusion-image-wrapper hover-type-none\"><img decoding=\"async\" width=\"151\" height=\"51\" src=\"https:\/\/juwelier-dunky.at\/wp\/wp-content\/uploads\/2013\/12\/casio.png\" class=\"attachment-blog-medium size-blog-medium\" alt=\"\" \/><\/div><\/div><\/div><div class=\"swiper-slide\"><div class=\"fusion-carousel-item-wrapper\"><div class=\"fusion-image-wrapper hover-type-none\"><img decoding=\"async\" width=\"151\" height=\"51\" src=\"https:\/\/juwelier-dunky.at\/wp\/wp-content\/uploads\/2013\/12\/diesel.png\" class=\"attachment-blog-medium size-blog-medium\" alt=\"\" \/><\/div><\/div><\/div><div class=\"swiper-slide\"><div class=\"fusion-carousel-item-wrapper\"><div class=\"fusion-image-wrapper hover-type-none\"><img decoding=\"async\" width=\"151\" height=\"51\" src=\"https:\/\/juwelier-dunky.at\/wp\/wp-content\/uploads\/2013\/12\/fossil1.png\" class=\"attachment-blog-medium size-blog-medium\" alt=\"\" \/><\/div><\/div><\/div><div class=\"swiper-slide\"><div class=\"fusion-carousel-item-wrapper\"><div class=\"fusion-image-wrapper hover-type-none\"><img decoding=\"async\" width=\"151\" height=\"51\" src=\"https:\/\/juwelier-dunky.at\/wp\/wp-content\/uploads\/2013\/12\/hirsch.png\" class=\"attachment-blog-medium size-blog-medium\" alt=\"\" \/><\/div><\/div><\/div><div class=\"swiper-slide\"><div class=\"fusion-carousel-item-wrapper\"><div class=\"fusion-image-wrapper hover-type-none\"><img decoding=\"async\" width=\"151\" height=\"51\" src=\"https:\/\/juwelier-dunky.at\/wp\/wp-content\/uploads\/2013\/12\/icewatch.png\" class=\"attachment-blog-medium size-blog-medium\" alt=\"\" \/><\/div><\/div><\/div><div class=\"swiper-slide\"><div class=\"fusion-carousel-item-wrapper\"><div class=\"fusion-image-wrapper hover-type-none\"><img decoding=\"async\" width=\"151\" height=\"51\" src=\"https:\/\/juwelier-dunky.at\/wp\/wp-content\/uploads\/2013\/12\/michaelkors.png\" class=\"attachment-blog-medium size-blog-medium\" alt=\"\" \/><\/div><\/div><\/div><div class=\"swiper-slide\"><div class=\"fusion-carousel-item-wrapper\"><div class=\"fusion-image-wrapper hover-type-none\"><img decoding=\"async\" width=\"151\" height=\"51\" src=\"https:\/\/juwelier-dunky.at\/wp\/wp-content\/uploads\/2013\/12\/myangel.png\" class=\"attachment-blog-medium size-blog-medium\" alt=\"\" \/><\/div><\/div><\/div><div class=\"swiper-slide\"><div class=\"fusion-carousel-item-wrapper\"><div class=\"fusion-image-wrapper hover-type-none\"><img decoding=\"async\" width=\"151\" height=\"51\" src=\"https:\/\/juwelier-dunky.at\/wp\/wp-content\/uploads\/2013\/12\/nomination.png\" class=\"attachment-blog-medium size-blog-medium\" alt=\"\" \/><\/div><\/div><\/div><div class=\"swiper-slide\"><div class=\"fusion-carousel-item-wrapper\"><div class=\"fusion-image-wrapper hover-type-none\"><img decoding=\"async\" width=\"151\" height=\"51\" src=\"https:\/\/juwelier-dunky.at\/wp\/wp-content\/uploads\/2019\/02\/pandora-logo.jpg\" class=\"attachment-blog-medium size-blog-medium\" alt=\"\" \/><\/div><\/div><\/div><div class=\"swiper-slide\"><div class=\"fusion-carousel-item-wrapper\"><div class=\"fusion-image-wrapper hover-type-none\"><img decoding=\"async\" width=\"151\" height=\"51\" src=\"https:\/\/juwelier-dunky.at\/wp\/wp-content\/uploads\/2013\/12\/rauschmayer.png\" class=\"attachment-blog-medium size-blog-medium\" alt=\"\" \/><\/div><\/div><\/div><div class=\"swiper-slide\"><div class=\"fusion-carousel-item-wrapper\"><div class=\"fusion-image-wrapper hover-type-none\"><img decoding=\"async\" width=\"151\" height=\"51\" src=\"https:\/\/juwelier-dunky.at\/wp\/wp-content\/uploads\/2013\/12\/sabo1.png\" class=\"attachment-blog-medium size-blog-medium\" alt=\"\" \/><\/div><\/div><\/div><div class=\"swiper-slide\"><div class=\"fusion-carousel-item-wrapper\"><div class=\"fusion-image-wrapper hover-type-none\"><img decoding=\"async\" width=\"151\" height=\"51\" src=\"https:\/\/juwelier-dunky.at\/wp\/wp-content\/uploads\/2013\/12\/swatch.png\" class=\"attachment-blog-medium size-blog-medium\" alt=\"\" \/><\/div><\/div><\/div><div class=\"swiper-slide\"><div class=\"fusion-carousel-item-wrapper\"><div class=\"fusion-image-wrapper hover-type-none\"><img decoding=\"async\" width=\"151\" height=\"51\" src=\"https:\/\/juwelier-dunky.at\/wp\/wp-content\/uploads\/2013\/12\/engelsrufer1.png\" class=\"attachment-blog-medium size-blog-medium\" alt=\"\" \/><\/div><\/div><\/div><div class=\"swiper-slide\"><div class=\"fusion-carousel-item-wrapper\"><div class=\"fusion-image-wrapper hover-type-none\"><img decoding=\"async\" width=\"151\" height=\"51\" src=\"https:\/\/juwelier-dunky.at\/wp\/wp-content\/uploads\/2013\/12\/flikflak1.png\" class=\"attachment-blog-medium size-blog-medium\" alt=\"\" \/><\/div><\/div><\/div><div class=\"swiper-slide\"><div class=\"fusion-carousel-item-wrapper\"><div class=\"fusion-image-wrapper hover-type-none\"><img decoding=\"async\" width=\"150\" height=\"50\" src=\"https:\/\/juwelier-dunky.at\/wp\/wp-content\/uploads\/2013\/12\/swarovski_home-neu.jpg\" class=\"attachment-blog-medium size-blog-medium\" alt=\"\" \/><\/div><\/div><\/div><div class=\"swiper-slide\"><div class=\"fusion-carousel-item-wrapper\"><div class=\"fusion-image-wrapper hover-type-none\"><img decoding=\"async\" width=\"151\" height=\"51\" src=\"https:\/\/juwelier-dunky.at\/wp\/wp-content\/uploads\/2013\/12\/teno.png\" class=\"attachment-blog-medium size-blog-medium\" alt=\"\" \/><\/div><\/div><\/div><div class=\"swiper-slide\"><div class=\"fusion-carousel-item-wrapper\"><div class=\"fusion-image-wrapper hover-type-none\"><img decoding=\"async\" width=\"151\" height=\"51\" src=\"https:\/\/juwelier-dunky.at\/wp\/wp-content\/uploads\/2013\/12\/xenox1.png\" class=\"attachment-blog-medium size-blog-medium\" alt=\"\" \/><\/div><\/div><\/div><div class=\"swiper-slide\"><div class=\"fusion-carousel-item-wrapper\"><div class=\"fusion-image-wrapper hover-type-none\"><img decoding=\"async\" width=\"150\" height=\"50\" src=\"https:\/\/juwelier-dunky.at\/wp\/wp-content\/uploads\/2013\/12\/julsen.jpg\" class=\"attachment-blog-medium size-blog-medium\" alt=\"\" \/><\/div><\/div><\/div><div class=\"swiper-slide\"><div class=\"fusion-carousel-item-wrapper\"><div class=\"fusion-image-wrapper hover-type-none\"><img decoding=\"async\" width=\"150\" height=\"50\" src=\"https:\/\/juwelier-dunky.at\/wp\/wp-content\/uploads\/2015\/09\/wellington.jpg\" class=\"attachment-blog-medium size-blog-medium\" alt=\"\" \/><\/div><\/div><\/div><div class=\"swiper-slide\"><div class=\"fusion-carousel-item-wrapper\"><div class=\"fusion-image-wrapper hover-type-none\"><img decoding=\"async\" width=\"150\" height=\"50\" src=\"https:\/\/juwelier-dunky.at\/wp\/wp-content\/uploads\/2018\/12\/cluse.jpg\" class=\"attachment-blog-medium size-blog-medium\" alt=\"\" \/><\/div><\/div><\/div><\/div><\/div><\/div><div class=\"fusion-sep-clear\"><\/div><div class=\"fusion-separator fusion-full-width-sep\" style=\"margin-left: auto;margin-right: auto;width:100%;\"><div class=\"fusion-separator-border sep-single sep-solid\" style=\"--awb-height:20px;--awb-amount:20px;--awb-sep-color:#bcbcbc;border-color:#bcbcbc;border-top-width:2px;\"><\/div><\/div><div class=\"fusion-sep-clear\"><\/div><div class=\"fusion-clearfix\"><\/div><\/div><\/div><\/div><\/div>\n","protected":false},"excerpt":{"rendered":"","protected":false},"author":1,"featured_media":0,"parent":0,"menu_order":0,"comment_status":"closed","ping_status":"closed","template":"100-width.php","meta":{"footnotes":""},"class_list":["post-30","page","type-page","status-publish","hentry"],"_links":{"self":[{"href":"https:\/\/juwelier-dunky.at\/wp\/wp-json\/wp\/v2\/pages\/30","targetHints":{"allow":["GET"]}}],"collection":[{"href":"https:\/\/juwelier-dunky.at\/wp\/wp-json\/wp\/v2\/pages"}],"about":[{"href":"https:\/\/juwelier-dunky.at\/wp\/wp-json\/wp\/v2\/types\/page"}],"author":[{"embeddable":true,"href":"https:\/\/juwelier-dunky.at\/wp\/wp-json\/wp\/v2\/users\/1"}],"replies":[{"embeddable":true,"href":"https:\/\/juwelier-dunky.at\/wp\/wp-json\/wp\/v2\/comments?post=30"}],"version-history":[{"count":21,"href":"https:\/\/juwelier-dunky.at\/wp\/wp-json\/wp\/v2\/pages\/30\/revisions"}],"predecessor-version":[{"id":3351,"href":"https:\/\/juwelier-dunky.at\/wp\/wp-json\/wp\/v2\/pages\/30\/revisions\/3351"}],"wp:attachment":[{"href":"https:\/\/juwelier-dunky.at\/wp\/wp-json\/wp\/v2\/media?parent=30"}],"curies":[{"name":"wp","href":"https:\/\/api.w.org\/{rel}","templated":true}]}}